{"id":10605,"date":"2024-05-22T11:37:46","date_gmt":"2024-05-22T09:37:46","guid":{"rendered":"https:\/\/herriko.eus\/?page_id=10605"},"modified":"2024-05-22T11:37:48","modified_gmt":"2024-05-22T09:37:48","slug":"politica-de-cookies","status":"publish","type":"page","link":"https:\/\/herriko.eus\/es\/politica-de-cookies\/","title":{"rendered":"Pol\u00edtica de cookies"},"content":{"rendered":"\n<p>A trav\u00e9s de este sitio web no se recaban datos de car\u00e1cter personal de los usuarios sin su conocimiento, ni se ceden a terceros.<\/p>\n\n\n\n<p>Con la finalidad de ofrecerle el mejor servicio y con el objeto de facilitar el uso, se analizan el n\u00famero de p\u00e1ginas visitadas, el n\u00famero de visitas, as\u00ed como la actividad de los visitantes y su frecuencia de utilizaci\u00f3n. A estos efectos, TTITTEMERU, S.L. (en adelante Herriko Taberna) utiliza la informaci\u00f3n estad\u00edstica elaborada por el Proveedor de Servicios de Internet.<\/p>\n\n\n\n<p>La web de&nbsp; Herriko Taberna no utiliza cookies para recoger informaci\u00f3n de los usuarios, ni registra las direcciones IP de acceso. \u00danicamente se utilizan cookies propias,&nbsp; de sesi\u00f3n, con finalidad t\u00e9cnica (aquellas que permiten al usuario la navegaci\u00f3n a trav\u00e9s del sitio web y la utilizaci\u00f3n de las diferentes opciones y servicios que en ella existen).<\/p>\n\n\n\n<p>El portal del que es titular Herriko Taberna contiene enlaces a sitios web de terceros, cuyas pol\u00edticas de privacidad son ajenas a la de la web. Al acceder a tales sitios web usted puede decidir si acepta sus pol\u00edticas de privacidad y de cookies. Con car\u00e1cter general, si navega por internet usted puede aceptar o rechazar las cookies de terceros desde las opciones de configuraci\u00f3n de su navegador.<\/p>\n\n\n\n<p><strong>\u00bfQu\u00e9 son las cookies?<\/strong><\/p>\n\n\n\n<p>Este sitio web utiliza cookies y\/o tecnolog\u00edas similares que almacenan y recuperan informaci\u00f3n cuando navegas. En general, estas tecnolog\u00edas pueden servir para finalidades muy diversas, como, por ejemplo, reconocerte como usuario, obtener informaci\u00f3n sobre tus h\u00e1bitos de navegaci\u00f3n, o personalizar la forma en que se muestra el contenido. Los usos concretos que hacemos de estas tecnolog\u00edas se describen a continuaci\u00f3n.<\/p>\n\n\n\n<p><strong>Tipos de cookies&nbsp;<\/strong><\/p>\n\n\n\n<p>Su clasificaci\u00f3n se puede realizar seg\u00fan:<\/p>\n\n\n\n<p><strong>La entidad que las gestiona:<\/strong><\/p>\n\n\n\n<p><strong>\u2022<\/strong><strong> <\/strong>Cookies propias<\/p>\n\n\n\n<p>\u2022 Cookies de terceros<\/p>\n\n\n\n<p><strong>Su duraci\u00f3n:<\/strong><\/p>\n\n\n\n<p><strong>\u2022<\/strong><strong> <\/strong>Cookies de sesi\u00f3n<\/p>\n\n\n\n<p>\u2022 Cookies persistentes<\/p>\n\n\n\n<p><strong>Su finalidad:<\/strong><\/p>\n\n\n\n<p><strong>\u2022<\/strong><strong> <\/strong>Cookies t\u00e9cnicas<\/p>\n\n\n\n<p>\u2022 Cookies de personalizaci\u00f3n<\/p>\n\n\n\n<p>\u2022 Cookies de an\u00e1lisis<\/p>\n\n\n\n<p>\u2022 Cookies publicitarias<\/p>\n\n\n\n<p>\u2022 Cookies de publicidad comportamental<\/p>\n\n\n\n<p>Esta p\u00e1gina web utiliza las cookies para una serie de finalidades, incluidas:<\/p>\n\n\n\n<ul class=\"wp-block-list\">\n<li><strong>Cookies t\u00e9cnicas: <\/strong>Son aqu\u00e9llas que permiten al usuario la navegaci\u00f3n a trav\u00e9s de una p\u00e1gina web, plataforma o aplicaci\u00f3n y la utilizaci\u00f3n de las diferentes opciones o servicios que en ella existan como, por ejemplo, controlar el tr\u00e1fico y la comunicaci\u00f3n de datos, identificar la sesi\u00f3n, acceder a partes de acceso restringido, recordar los elementos que integran un pedido, realizar el proceso de compra de un pedido, realizar la solicitud de inscripci\u00f3n o participaci\u00f3n en un evento, utilizar elementos de seguridad durante la navegaci\u00f3n, almacenar contenidos para la difusi\u00f3n de videos o sonido o compartir contenidos a trav\u00e9s de redes sociales.\n<ul class=\"wp-block-list\">\n<li><strong>Cookies propias<\/strong>: Son aquellas cookies que se env\u00edan al equipo del usuario desde un equipo o dominio gestionado por el propio editor y desde el que se presta el servicio solicitado por el usuario.<\/li>\n\n\n\n<li><strong>Cookies de sesi\u00f3n: <\/strong>Este tipo de cookies est\u00e1n dise\u00f1adas para recabar y almacenar datos mientras el usuario accede a una p\u00e1gina web.<\/li>\n\n\n\n<li><strong>Cookies de terceros: <\/strong>Son aquellas cookies que se env\u00edan al equipo terminal del usuario desde un equipo o dominio que no es gestionado por el editor, sino por otra entidad que trata los datos obtenidos a trav\u00e9s de las cookies.<\/li>\n<\/ul>\n<\/li>\n<\/ul>\n\n\n\n<ul class=\"wp-block-list\">\n<li><strong>Cookies de personalizaci\u00f3n: <\/strong>Son aqu\u00e9llas que permiten al usuario acceder al servicio con algunas caracter\u00edsticas de car\u00e1cter general predefinidas en funci\u00f3n de una serie de criterios en el terminal del usuario como por ejemplo serian el idioma, el tipo de navegador a trav\u00e9s del cual accede al servicio, la configuraci\u00f3n regional desde donde accede al servicio, etc.<\/li>\n\n\n\n<li><strong>Cookies de an\u00e1lisis: <\/strong>Son aquellas que son tratadas por nosotros o por terceros, nos permiten cuantificar el n\u00famero de usuarios y as\u00ed realizar la medici\u00f3n y an\u00e1lisis estad\u00edstico de la utilizaci\u00f3n que hacen los usuarios del servicio ofertado. Para ello se analiza la navegaci\u00f3n en nuestra p\u00e1gina web con el fin de mejorar la misma.<\/li>\n<\/ul>\n\n\n\n<p>La aplicaci\u00f3n que utilizamos para obtener y analizar la informaci\u00f3n es<strong> Google Analytics.<\/strong><\/p>\n\n\n\n<ul class=\"wp-block-list\">\n<li><strong>Google Analytics:<\/strong> Almacena cookies para poder elaborar estad\u00edsticas sobre el tr\u00e1fico y volumen de visitas de esta web. Al utilizar este sitio web est\u00e1 consintiendo el tratamiento de informaci\u00f3n acerca de usted por Google. Por tanto, el ejercicio de cualquier derecho en este sentido deber\u00e1 hacerlo comunicando directamente con Google.<\/li>\n<\/ul>\n\n\n\n<p><strong>\u00bfPara qu\u00e9 utiliza las cookies esta p\u00e1gina web?<\/strong><\/p>\n\n\n\n<p>Esta p\u00e1gina web utiliza las cookies para una serie de finalidades.<\/p>\n\n\n\n<p><strong>\u00bfQui\u00e9n utiliza las cookies en esta p\u00e1gina web?<\/strong><\/p>\n\n\n\n<p><strong>Cookies de terceros&nbsp;<\/strong><\/p>\n\n\n\n<figure class=\"wp-block-table\"><table><tbody><tr><td><strong>TIPO&nbsp;<\/strong><\/td><td><strong>DURACI\u00d3N&nbsp;<\/strong><\/td><td><strong>FINALIDAD<\/strong><\/td><\/tr><tr><td><br>cookieyes-consent<\/td><td>1 a\u00f1o<\/td><td>CookieYes establece esta cookie para recordar las preferencias de consentimiento de los usuarios, de modo que se respeten sus preferencias en las siguientes visitas a este sitio. No recoge ni almacena ninguna informaci\u00f3n personal sobre los visitantes del sitio.<\/td><\/tr><tr><td>pll_language<\/td><td>1 a\u00f1o<\/td><td>Polylang establece esta cookie para recordar el idioma que el usuario selecciona al volver al sitio web y obtener la informaci\u00f3n del idioma cuando no est\u00e9 disponible en otro modo.<\/td><\/tr><tr><td>CONSENT<\/td><td>2 a\u00f1os<\/td><td>YouTube establece esta cookie a trav\u00e9s de los v\u00eddeos incrustados de YouTube y registra datos estad\u00edsticos an\u00f3nimos.<\/td><\/tr><tr><td>YSC<\/td><td>Sesi\u00f3n&nbsp;<\/td><td>Youtube establece esta cookie para hacer un seguimiento de las visualizaciones de los v\u00eddeos incrustados en las p\u00e1ginas de Youtube.<\/td><\/tr><tr><td>VISITOR_INFO1_LIVE<\/td><td>5 meses&nbsp;27 d\u00edas<\/td><td>YouTube establece esta cookie para medir el ancho de banda y determinar si el usuario recibe la nueva o la antigua interfaz del reproductor.<\/td><\/tr><tr><td>Yt-remote-device-it<\/td><td>Nunca<\/td><td>YouTube establece esta cookie para almacenar las preferencias de v\u00eddeo del usuario que utiliza los v\u00eddeos incrustados de YouTube.<\/td><\/tr><tr><td>Yt-innertube::nextld<\/td><td>Nunca<\/td><td>YouTube establece esta cookie para registrar un ID \u00fanico para almacenar datos sobre los v\u00eddeos de YouTube que el usuario ha visto.<\/td><\/tr><tr><td>Yt-remote-connected-devices<\/td><td>Nunca<\/td><td>Youtube establece esta cookie para almacenar las preferencias de v\u00eddeo del usuario que utiliza los v\u00eddeos incrustados de youtube.&nbsp;<\/td><\/tr><tr><td>Yt-innertube::requests<\/td><td>Nunca<\/td><td>Youtube establece esta cookie para registrar un ID \u00fanico para almacenar datos sobre los v\u00eddeos de youtube que el usuario ha visto.<\/td><\/tr><\/tbody><\/table><\/figure>\n\n\n\n<p>Estas cookies se utilizan para recoger informaci\u00f3n sobre la navegaci\u00f3n de los usuarios por el sitio con el fin de conocer el origen de las visitas y otros datos similares a nivel estad\u00edstico.<\/p>\n\n\n\n<p><strong>\u00bfC\u00f3mo puedo desactivar o eliminar estas cookies?<\/strong><\/p>\n\n\n\n<p><strong>Eliminar o bloquear las cookies&nbsp;<\/strong><\/p>\n\n\n\n<p>Usted puede permitir, bloquear o eliminar las cookies instaladas en su equipo mediante la configuraci\u00f3n de las opciones del navegador instalado en su ordenador.<\/p>\n\n\n\n<p>Puede ver m\u00e1s informaci\u00f3n sobre su navegador y las cookies en los siguientes enlaces:<\/p>\n\n\n\n<ul class=\"wp-block-list\">\n<li><strong>Firefox:<\/strong> <a href=\"http:\/\/support.mozilla.org\/es\/kb\/habilitar-y-deshabilitar-cookies-que-los-sitios-we\">http:\/\/support.mozilla.org\/es\/kb\/habilitar-y-deshabilitar-cookies-que-los-sitios-we<\/a><\/li>\n\n\n\n<li><strong>Chrome:<\/strong> <a href=\"http:\/\/support.google.com\/chrome\/bin\/answer.py?hl=es&amp;answer=95647\">http:\/\/support.google.com\/chrome\/bin\/answer.py?hl=es&amp;answer=95647<\/a><\/li>\n\n\n\n<li><strong>Internet Explorer:<\/strong> <a href=\"http:\/\/windows.microsoft.com\/es-es\/windows7\/how-to-manage-cookies-in-internet-explorer-9\">http:\/\/windows.microsoft.com\/es-es\/windows7\/how-to-manage-cookies-in-internet-explorer-9<\/a><\/li>\n\n\n\n<li><strong>Safari:<\/strong> <a href=\"http:\/\/support.apple.com\/kb\/ph5042\">http:\/\/support.apple.com\/kb\/ph5042<\/a><\/li>\n\n\n\n<li><strong>Opera:<\/strong> http:\/\/help.opera.com\/Windows\/11.50\/es-ES\/cookies.html<\/li>\n<\/ul>\n","protected":false},"excerpt":{"rendered":"<p>A trav\u00e9s de este sitio web no se recaban datos de car\u00e1cter personal de los usuarios sin su conocimiento, ni [&hellip;]<\/p>\n","protected":false},"author":1,"featured_media":0,"parent":0,"menu_order":0,"comment_status":"closed","ping_status":"closed","template":"page-legals.php","meta":{"_acf_changed":false,"inline_featured_image":false,"footnotes":""},"class_list":["post-10605","page","type-page","status-publish","hentry"],"acf":[],"jetpack_sharing_enabled":true,"_links":{"self":[{"href":"https:\/\/herriko.eus\/es\/wp-json\/wp\/v2\/pages\/10605","targetHints":{"allow":["GET"]}}],"collection":[{"href":"https:\/\/herriko.eus\/es\/wp-json\/wp\/v2\/pages"}],"about":[{"href":"https:\/\/herriko.eus\/es\/wp-json\/wp\/v2\/types\/page"}],"author":[{"embeddable":true,"href":"https:\/\/herriko.eus\/es\/wp-json\/wp\/v2\/users\/1"}],"replies":[{"embeddable":true,"href":"https:\/\/herriko.eus\/es\/wp-json\/wp\/v2\/comments?post=10605"}],"version-history":[{"count":1,"href":"https:\/\/herriko.eus\/es\/wp-json\/wp\/v2\/pages\/10605\/revisions"}],"predecessor-version":[{"id":10606,"href":"https:\/\/herriko.eus\/es\/wp-json\/wp\/v2\/pages\/10605\/revisions\/10606"}],"wp:attachment":[{"href":"https:\/\/herriko.eus\/es\/wp-json\/wp\/v2\/media?parent=10605"}],"curies":[{"name":"wp","href":"https:\/\/api.w.org\/{rel}","templated":true}]}}