{"id":345,"date":"2020-07-15T11:32:43","date_gmt":"2020-07-15T09:32:43","guid":{"rendered":"https:\/\/herriko.eus\/herriko\/"},"modified":"2021-09-27T11:04:34","modified_gmt":"2021-09-27T09:04:34","slug":"herriko","status":"publish","type":"page","link":"https:\/\/herriko.eus\/es\/herriko\/","title":{"rendered":"Herriko"},"content":{"rendered":"\n<div class=\"wp-block-columns is-layout-flex wp-container-core-columns-is-layout-9d6595d7 wp-block-columns-is-layout-flex\">\n<div class=\"wp-block-column is-layout-flow wp-block-column-is-layout-flow\" style=\"flex-basis:66.66%\">\n<h2 class=\"wp-block-heading\">Herriko Taberna de Iru\u00f1a<\/h2>\n\n\n\n<p>Nueva cocina. Cocina de siempre. La del pueblo. Teniendo siempre en cuenta qu\u00e9 somos, abrimos puertas a la innovaci\u00f3n. Sin olvidarnos d\u00f3nde estamos; tomamos como base nuestros alimentos, el comercio cercano como herramienta y tu sonrisa como objetivo.<\/p>\n\n\n\n<p>Nuestros valores, nuestro lugar de trabajo, nuestro lugar cultural, nuestro txoko, nuestro punto de encuentro, nuestro pueblo, nuestra Herriko. Nos encontraremos trabajando contra la venganza y el sufrimiento. En el camino hacia la libertad.<\/p>\n\n\n\n<blockquote class=\"wp-block-quote is-layout-flow wp-block-quote-is-layout-flow\"><p><strong>Ya que mientras alguien siga oprimido en alg\u00fan lugar, nunca seremos libres.<\/strong><\/p><\/blockquote>\n<\/div>\n\n\n\n<div class=\"wp-block-column is-layout-flow wp-block-column-is-layout-flow\" style=\"flex-basis:33.33%\">\n<div class=\"wp-block-image\"><figure class=\"aligncenter size-large\"><img loading=\"lazy\" decoding=\"async\" width=\"600\" height=\"600\" src=\"https:\/\/herriko.eus\/wp-content\/uploads\/\/2020\/07\/arranoa.svg\" alt=\"\" class=\"wp-image-239\"\/><\/figure><\/div>\n<\/div>\n<\/div>\n","protected":false},"excerpt":{"rendered":"<p>Herriko Taberna de Iru\u00f1a Nueva cocina. Cocina de siempre. La del pueblo. Teniendo siempre en cuenta qu\u00e9 somos, abrimos puertas [&hellip;]<\/p>\n","protected":false},"author":1,"featured_media":745,"parent":0,"menu_order":1,"comment_status":"closed","ping_status":"closed","template":"page-templates\/page-herriko.php","meta":{"_acf_changed":false,"inline_featured_image":false,"footnotes":""},"class_list":["post-345","page","type-page","status-publish","has-post-thumbnail","hentry"],"acf":{"gallery":[{"ID":730,"id":730,"title":"herriko-1","filename":"herriko-1.jpg","filesize":173025,"url":"https:\/\/herriko.eus\/wp-content\/uploads\/2020\/08\/herriko-1.jpg","link":"https:\/\/herriko.eus\/es\/herriko\/herriko-1-2\/","alt":"","author":"1","description":"","caption":"","name":"herriko-1-2","status":"inherit","uploaded_to":345,"date":"2020-08-24 09:20:50","modified":"2020-08-24 09:21:57","menu_order":0,"mime_type":"image\/jpeg","type":"image","subtype":"jpeg","icon":"https:\/\/herriko.eus\/wp-includes\/images\/media\/default.png","width":1200,"height":675,"sizes":{"thumbnail":"https:\/\/herriko.eus\/wp-content\/uploads\/2020\/08\/herriko-1-300x300.jpg","thumbnail-width":300,"thumbnail-height":300,"medium":"https:\/\/herriko.eus\/wp-content\/uploads\/2020\/08\/herriko-1-500x281.jpg","medium-width":500,"medium-height":281,"medium_large":"https:\/\/herriko.eus\/wp-content\/uploads\/2020\/08\/herriko-1-768x432.jpg","medium_large-width":640,"medium_large-height":360,"large":"https:\/\/herriko.eus\/wp-content\/uploads\/2020\/08\/herriko-1-1024x576.jpg","large-width":640,"large-height":360,"1536x1536":"https:\/\/herriko.eus\/wp-content\/uploads\/2020\/08\/herriko-1.jpg","1536x1536-width":1200,"1536x1536-height":675,"2048x2048":"https:\/\/herriko.eus\/wp-content\/uploads\/2020\/08\/herriko-1.jpg","2048x2048-width":1200,"2048x2048-height":675,"woocommerce_thumbnail":"https:\/\/herriko.eus\/wp-content\/uploads\/2020\/08\/herriko-1-586x330.jpg","woocommerce_thumbnail-width":586,"woocommerce_thumbnail-height":330,"woocommerce_single":"https:\/\/herriko.eus\/wp-content\/uploads\/2020\/08\/herriko-1-600x338.jpg","woocommerce_single-width":600,"woocommerce_single-height":338,"woocommerce_gallery_thumbnail":"https:\/\/herriko.eus\/wp-content\/uploads\/2020\/08\/herriko-1-100x100.jpg","woocommerce_gallery_thumbnail-width":100,"woocommerce_gallery_thumbnail-height":100,"default_header_mail":"https:\/\/herriko.eus\/wp-content\/uploads\/2020\/08\/herriko-1-420x203.jpg","default_header_mail-width":420,"default_header_mail-height":203,"default_content_mail":"https:\/\/herriko.eus\/wp-content\/uploads\/2020\/08\/herriko-1-601x340.jpg","default_content_mail-width":601,"default_content_mail-height":340,"default_footer_mail":"https:\/\/herriko.eus\/wp-content\/uploads\/2020\/08\/herriko-1-66x43.jpg","default_footer_mail-width":66,"default_footer_mail-height":43}},{"ID":732,"id":732,"title":"herriko-2","filename":"herriko-2.jpg","filesize":182275,"url":"https:\/\/herriko.eus\/wp-content\/uploads\/2020\/08\/herriko-2.jpg","link":"https:\/\/herriko.eus\/es\/herriko\/herriko-2-2-2\/","alt":"","author":"1","description":"","caption":"","name":"herriko-2-2-2","status":"inherit","uploaded_to":345,"date":"2020-08-24 09:20:54","modified":"2020-08-24 09:20:54","menu_order":0,"mime_type":"image\/jpeg","type":"image","subtype":"jpeg","icon":"https:\/\/herriko.eus\/wp-includes\/images\/media\/default.png","width":1200,"height":675,"sizes":{"thumbnail":"https:\/\/herriko.eus\/wp-content\/uploads\/2020\/08\/herriko-2-300x300.jpg","thumbnail-width":300,"thumbnail-height":300,"medium":"https:\/\/herriko.eus\/wp-content\/uploads\/2020\/08\/herriko-2-500x281.jpg","medium-width":500,"medium-height":281,"medium_large":"https:\/\/herriko.eus\/wp-content\/uploads\/2020\/08\/herriko-2-768x432.jpg","medium_large-width":640,"medium_large-height":360,"large":"https:\/\/herriko.eus\/wp-content\/uploads\/2020\/08\/herriko-2-1024x576.jpg","large-width":640,"large-height":360,"1536x1536":"https:\/\/herriko.eus\/wp-content\/uploads\/2020\/08\/herriko-2.jpg","1536x1536-width":1200,"1536x1536-height":675,"2048x2048":"https:\/\/herriko.eus\/wp-content\/uploads\/2020\/08\/herriko-2.jpg","2048x2048-width":1200,"2048x2048-height":675,"woocommerce_thumbnail":"https:\/\/herriko.eus\/wp-content\/uploads\/2020\/08\/herriko-2-586x330.jpg","woocommerce_thumbnail-width":586,"woocommerce_thumbnail-height":330,"woocommerce_single":"https:\/\/herriko.eus\/wp-content\/uploads\/2020\/08\/herriko-2-600x338.jpg","woocommerce_single-width":600,"woocommerce_single-height":338,"woocommerce_gallery_thumbnail":"https:\/\/herriko.eus\/wp-content\/uploads\/2020\/08\/herriko-2-100x100.jpg","woocommerce_gallery_thumbnail-width":100,"woocommerce_gallery_thumbnail-height":100,"default_header_mail":"https:\/\/herriko.eus\/wp-content\/uploads\/2020\/08\/herriko-2-420x203.jpg","default_header_mail-width":420,"default_header_mail-height":203,"default_content_mail":"https:\/\/herriko.eus\/wp-content\/uploads\/2020\/08\/herriko-2-601x340.jpg","default_content_mail-width":601,"default_content_mail-height":340,"default_footer_mail":"https:\/\/herriko.eus\/wp-content\/uploads\/2020\/08\/herriko-2-66x43.jpg","default_footer_mail-width":66,"default_footer_mail-height":43}},{"ID":734,"id":734,"title":"herriko-3","filename":"herriko-3.jpg","filesize":178416,"url":"https:\/\/herriko.eus\/wp-content\/uploads\/2020\/08\/herriko-3.jpg","link":"https:\/\/herriko.eus\/es\/herriko\/herriko-3-2\/","alt":"","author":"1","description":"","caption":"","name":"herriko-3-2","status":"inherit","uploaded_to":345,"date":"2020-08-24 09:20:59","modified":"2020-08-24 09:20:59","menu_order":0,"mime_type":"image\/jpeg","type":"image","subtype":"jpeg","icon":"https:\/\/herriko.eus\/wp-includes\/images\/media\/default.png","width":1200,"height":675,"sizes":{"thumbnail":"https:\/\/herriko.eus\/wp-content\/uploads\/2020\/08\/herriko-3-300x300.jpg","thumbnail-width":300,"thumbnail-height":300,"medium":"https:\/\/herriko.eus\/wp-content\/uploads\/2020\/08\/herriko-3-500x281.jpg","medium-width":500,"medium-height":281,"medium_large":"https:\/\/herriko.eus\/wp-content\/uploads\/2020\/08\/herriko-3-768x432.jpg","medium_large-width":640,"medium_large-height":360,"large":"https:\/\/herriko.eus\/wp-content\/uploads\/2020\/08\/herriko-3-1024x576.jpg","large-width":640,"large-height":360,"1536x1536":"https:\/\/herriko.eus\/wp-content\/uploads\/2020\/08\/herriko-3.jpg","1536x1536-width":1200,"1536x1536-height":675,"2048x2048":"https:\/\/herriko.eus\/wp-content\/uploads\/2020\/08\/herriko-3.jpg","2048x2048-width":1200,"2048x2048-height":675,"woocommerce_thumbnail":"https:\/\/herriko.eus\/wp-content\/uploads\/2020\/08\/herriko-3-586x330.jpg","woocommerce_thumbnail-width":586,"woocommerce_thumbnail-height":330,"woocommerce_single":"https:\/\/herriko.eus\/wp-content\/uploads\/2020\/08\/herriko-3-600x338.jpg","woocommerce_single-width":600,"woocommerce_single-height":338,"woocommerce_gallery_thumbnail":"https:\/\/herriko.eus\/wp-content\/uploads\/2020\/08\/herriko-3-100x100.jpg","woocommerce_gallery_thumbnail-width":100,"woocommerce_gallery_thumbnail-height":100,"default_header_mail":"https:\/\/herriko.eus\/wp-content\/uploads\/2020\/08\/herriko-3-420x203.jpg","default_header_mail-width":420,"default_header_mail-height":203,"default_content_mail":"https:\/\/herriko.eus\/wp-content\/uploads\/2020\/08\/herriko-3-601x340.jpg","default_content_mail-width":601,"default_content_mail-height":340,"default_footer_mail":"https:\/\/herriko.eus\/wp-content\/uploads\/2020\/08\/herriko-3-66x43.jpg","default_footer_mail-width":66,"default_footer_mail-height":43}},{"ID":736,"id":736,"title":"herriko-4","filename":"herriko-4.jpg","filesize":186016,"url":"https:\/\/herriko.eus\/wp-content\/uploads\/2020\/08\/herriko-4.jpg","link":"https:\/\/herriko.eus\/es\/herriko\/herriko-4-2\/","alt":"","author":"1","description":"","caption":"","name":"herriko-4-2","status":"inherit","uploaded_to":345,"date":"2020-08-24 09:21:03","modified":"2020-08-24 09:21:03","menu_order":0,"mime_type":"image\/jpeg","type":"image","subtype":"jpeg","icon":"https:\/\/herriko.eus\/wp-includes\/images\/media\/default.png","width":1200,"height":675,"sizes":{"thumbnail":"https:\/\/herriko.eus\/wp-content\/uploads\/2020\/08\/herriko-4-300x300.jpg","thumbnail-width":300,"thumbnail-height":300,"medium":"https:\/\/herriko.eus\/wp-content\/uploads\/2020\/08\/herriko-4-500x281.jpg","medium-width":500,"medium-height":281,"medium_large":"https:\/\/herriko.eus\/wp-content\/uploads\/2020\/08\/herriko-4-768x432.jpg","medium_large-width":640,"medium_large-height":360,"large":"https:\/\/herriko.eus\/wp-content\/uploads\/2020\/08\/herriko-4-1024x576.jpg","large-width":640,"large-height":360,"1536x1536":"https:\/\/herriko.eus\/wp-content\/uploads\/2020\/08\/herriko-4.jpg","1536x1536-width":1200,"1536x1536-height":675,"2048x2048":"https:\/\/herriko.eus\/wp-content\/uploads\/2020\/08\/herriko-4.jpg","2048x2048-width":1200,"2048x2048-height":675,"woocommerce_thumbnail":"https:\/\/herriko.eus\/wp-content\/uploads\/2020\/08\/herriko-4-586x330.jpg","woocommerce_thumbnail-width":586,"woocommerce_thumbnail-height":330,"woocommerce_single":"https:\/\/herriko.eus\/wp-content\/uploads\/2020\/08\/herriko-4-600x338.jpg","woocommerce_single-width":600,"woocommerce_single-height":338,"woocommerce_gallery_thumbnail":"https:\/\/herriko.eus\/wp-content\/uploads\/2020\/08\/herriko-4-100x100.jpg","woocommerce_gallery_thumbnail-width":100,"woocommerce_gallery_thumbnail-height":100,"default_header_mail":"https:\/\/herriko.eus\/wp-content\/uploads\/2020\/08\/herriko-4-420x203.jpg","default_header_mail-width":420,"default_header_mail-height":203,"default_content_mail":"https:\/\/herriko.eus\/wp-content\/uploads\/2020\/08\/herriko-4-601x340.jpg","default_content_mail-width":601,"default_content_mail-height":340,"default_footer_mail":"https:\/\/herriko.eus\/wp-content\/uploads\/2020\/08\/herriko-4-66x43.jpg","default_footer_mail-width":66,"default_footer_mail-height":43}},{"ID":738,"id":738,"title":"herriko-5","filename":"herriko-5.jpg","filesize":187231,"url":"https:\/\/herriko.eus\/wp-content\/uploads\/2020\/08\/herriko-5.jpg","link":"https:\/\/herriko.eus\/es\/herriko\/herriko-5-2\/","alt":"","author":"1","description":"","caption":"","name":"herriko-5-2","status":"inherit","uploaded_to":345,"date":"2020-08-24 09:21:06","modified":"2020-08-24 09:21:06","menu_order":0,"mime_type":"image\/jpeg","type":"image","subtype":"jpeg","icon":"https:\/\/herriko.eus\/wp-includes\/images\/media\/default.png","width":1200,"height":675,"sizes":{"thumbnail":"https:\/\/herriko.eus\/wp-content\/uploads\/2020\/08\/herriko-5-300x300.jpg","thumbnail-width":300,"thumbnail-height":300,"medium":"https:\/\/herriko.eus\/wp-content\/uploads\/2020\/08\/herriko-5-500x281.jpg","medium-width":500,"medium-height":281,"medium_large":"https:\/\/herriko.eus\/wp-content\/uploads\/2020\/08\/herriko-5-768x432.jpg","medium_large-width":640,"medium_large-height":360,"large":"https:\/\/herriko.eus\/wp-content\/uploads\/2020\/08\/herriko-5-1024x576.jpg","large-width":640,"large-height":360,"1536x1536":"https:\/\/herriko.eus\/wp-content\/uploads\/2020\/08\/herriko-5.jpg","1536x1536-width":1200,"1536x1536-height":675,"2048x2048":"https:\/\/herriko.eus\/wp-content\/uploads\/2020\/08\/herriko-5.jpg","2048x2048-width":1200,"2048x2048-height":675,"woocommerce_thumbnail":"https:\/\/herriko.eus\/wp-content\/uploads\/2020\/08\/herriko-5-586x330.jpg","woocommerce_thumbnail-width":586,"woocommerce_thumbnail-height":330,"woocommerce_single":"https:\/\/herriko.eus\/wp-content\/uploads\/2020\/08\/herriko-5-600x338.jpg","woocommerce_single-width":600,"woocommerce_single-height":338,"woocommerce_gallery_thumbnail":"https:\/\/herriko.eus\/wp-content\/uploads\/2020\/08\/herriko-5-100x100.jpg","woocommerce_gallery_thumbnail-width":100,"woocommerce_gallery_thumbnail-height":100,"default_header_mail":"https:\/\/herriko.eus\/wp-content\/uploads\/2020\/08\/herriko-5-420x203.jpg","default_header_mail-width":420,"default_header_mail-height":203,"default_content_mail":"https:\/\/herriko.eus\/wp-content\/uploads\/2020\/08\/herriko-5-601x340.jpg","default_content_mail-width":601,"default_content_mail-height":340,"default_footer_mail":"https:\/\/herriko.eus\/wp-content\/uploads\/2020\/08\/herriko-5-66x43.jpg","default_footer_mail-width":66,"default_footer_mail-height":43}},{"ID":740,"id":740,"title":"herriko-6","filename":"herriko-6.jpg","filesize":173551,"url":"https:\/\/herriko.eus\/wp-content\/uploads\/2020\/08\/herriko-6.jpg","link":"https:\/\/herriko.eus\/es\/herriko\/herriko-6-2\/","alt":"","author":"1","description":"","caption":"","name":"herriko-6-2","status":"inherit","uploaded_to":345,"date":"2020-08-24 09:21:10","modified":"2020-08-24 09:21:10","menu_order":0,"mime_type":"image\/jpeg","type":"image","subtype":"jpeg","icon":"https:\/\/herriko.eus\/wp-includes\/images\/media\/default.png","width":1200,"height":675,"sizes":{"thumbnail":"https:\/\/herriko.eus\/wp-content\/uploads\/2020\/08\/herriko-6-300x300.jpg","thumbnail-width":300,"thumbnail-height":300,"medium":"https:\/\/herriko.eus\/wp-content\/uploads\/2020\/08\/herriko-6-500x281.jpg","medium-width":500,"medium-height":281,"medium_large":"https:\/\/herriko.eus\/wp-content\/uploads\/2020\/08\/herriko-6-768x432.jpg","medium_large-width":640,"medium_large-height":360,"large":"https:\/\/herriko.eus\/wp-content\/uploads\/2020\/08\/herriko-6-1024x576.jpg","large-width":640,"large-height":360,"1536x1536":"https:\/\/herriko.eus\/wp-content\/uploads\/2020\/08\/herriko-6.jpg","1536x1536-width":1200,"1536x1536-height":675,"2048x2048":"https:\/\/herriko.eus\/wp-content\/uploads\/2020\/08\/herriko-6.jpg","2048x2048-width":1200,"2048x2048-height":675,"woocommerce_thumbnail":"https:\/\/herriko.eus\/wp-content\/uploads\/2020\/08\/herriko-6-586x330.jpg","woocommerce_thumbnail-width":586,"woocommerce_thumbnail-height":330,"woocommerce_single":"https:\/\/herriko.eus\/wp-content\/uploads\/2020\/08\/herriko-6-600x338.jpg","woocommerce_single-width":600,"woocommerce_single-height":338,"woocommerce_gallery_thumbnail":"https:\/\/herriko.eus\/wp-content\/uploads\/2020\/08\/herriko-6-100x100.jpg","woocommerce_gallery_thumbnail-width":100,"woocommerce_gallery_thumbnail-height":100,"default_header_mail":"https:\/\/herriko.eus\/wp-content\/uploads\/2020\/08\/herriko-6-420x203.jpg","default_header_mail-width":420,"default_header_mail-height":203,"default_content_mail":"https:\/\/herriko.eus\/wp-content\/uploads\/2020\/08\/herriko-6-601x340.jpg","default_content_mail-width":601,"default_content_mail-height":340,"default_footer_mail":"https:\/\/herriko.eus\/wp-content\/uploads\/2020\/08\/herriko-6-66x43.jpg","default_footer_mail-width":66,"default_footer_mail-height":43}}]},"jetpack_sharing_enabled":true,"_links":{"self":[{"href":"https:\/\/herriko.eus\/es\/wp-json\/wp\/v2\/pages\/345","targetHints":{"allow":["GET"]}}],"collection":[{"href":"https:\/\/herriko.eus\/es\/wp-json\/wp\/v2\/pages"}],"about":[{"href":"https:\/\/herriko.eus\/es\/wp-json\/wp\/v2\/types\/page"}],"author":[{"embeddable":true,"href":"https:\/\/herriko.eus\/es\/wp-json\/wp\/v2\/users\/1"}],"replies":[{"embeddable":true,"href":"https:\/\/herriko.eus\/es\/wp-json\/wp\/v2\/comments?post=345"}],"version-history":[{"count":9,"href":"https:\/\/herriko.eus\/es\/wp-json\/wp\/v2\/pages\/345\/revisions"}],"predecessor-version":[{"id":3419,"href":"https:\/\/herriko.eus\/es\/wp-json\/wp\/v2\/pages\/345\/revisions\/3419"}],"wp:featuredmedia":[{"embeddable":true,"href":"https:\/\/herriko.eus\/es\/wp-json\/wp\/v2\/media\/745"}],"wp:attachment":[{"href":"https:\/\/herriko.eus\/es\/wp-json\/wp\/v2\/media?parent=345"}],"curies":[{"name":"wp","href":"https:\/\/api.w.org\/{rel}","templated":true}]}}